{"id":6607,"date":"2024-03-11T07:31:57","date_gmt":"2024-03-11T07:31:57","guid":{"rendered":"https:\/\/zycus.com\/fr\/?page_id=6607"},"modified":"2024-04-29T09:55:27","modified_gmt":"2024-04-29T09:55:27","slug":"les-conditions-dutilisation","status":"publish","type":"page","link":"https:\/\/staging.zycus.com\/fr\/les-conditions-dutilisation","title":{"rendered":"LES CONDITIONS D\u2019UTILISATION"},"content":{"rendered":"\t\t<div data-elementor-type=\"wp-page\" data-elementor-id=\"6607\" class=\"elementor elementor-6607\" data-elementor-post-type=\"page\">\n\t\t\t\t<div class=\"elementor-element elementor-element-0b385a1 e-flex e-con-boxed e-con e-parent\" data-id=\"0b385a1\" data-element_type=\"container\" data-e-type=\"container\" data-settings=\"{&quot;background_background&quot;:&quot;classic&quot;}\">\n\t\t\t\t\t<div class=\"e-con-inner\">\n\t\t\t\t<div class=\"elementor-element elementor-element-4c4687f elementor-widget elementor-widget-breadcrumbs\" data-id=\"4c4687f\" data-element_type=\"widget\" data-e-type=\"widget\" data-settings=\"{&quot;ekit_we_effect_on&quot;:&quot;none&quot;}\" data-widget_type=\"breadcrumbs.default\">\n\t\t\t\t<div class=\"elementor-widget-container\">\n\t\t\t\t\t<nav aria-label=\"breadcrumbs\" class=\"rank-math-breadcrumb\"><p><span class=\"last\">Domicile<\/span><\/p><\/nav>\t\t\t\t<\/div>\n\t\t\t\t<\/div>\n\t\t\t\t<div class=\"elementor-element elementor-element-1c8a451 elementor-widget elementor-widget-heading\" data-id=\"1c8a451\" data-element_type=\"widget\" data-e-type=\"widget\" data-settings=\"{&quot;ekit_we_effect_on&quot;:&quot;none&quot;}\" data-widget_type=\"heading.default\">\n\t\t\t\t<div class=\"elementor-widget-container\">\n\t\t\t\t\t<h1 class=\"elementor-heading-title elementor-size-default\">LES CONDITIONS D\u2019UTILISATION<\/h1>\t\t\t\t<\/div>\n\t\t\t\t<\/div>\n\t\t\t\t\t<\/div>\n\t\t\t\t<\/div>\n\t\t<div class=\"elementor-element elementor-element-40cbc75 e-flex e-con-boxed e-con e-parent\" data-id=\"40cbc75\" data-element_type=\"container\" data-e-type=\"container\">\n\t\t\t\t\t<div class=\"e-con-inner\">\n\t\t<div class=\"elementor-element elementor-element-10ceb12 e-flex e-con-boxed e-con e-child\" data-id=\"10ceb12\" data-element_type=\"container\" data-e-type=\"container\">\n\t\t\t\t\t<div class=\"e-con-inner\">\n\t\t\t\t<div class=\"elementor-element elementor-element-6384cfe elementor-widget elementor-widget-heading\" data-id=\"6384cfe\" data-element_type=\"widget\" data-e-type=\"widget\" data-settings=\"{&quot;ekit_we_effect_on&quot;:&quot;none&quot;}\" data-widget_type=\"heading.default\">\n\t\t\t\t<div class=\"elementor-widget-container\">\n\t\t\t\t\t<h6 class=\"elementor-heading-title elementor-size-default\">CHAMP D'APPLICATION<\/h6>\t\t\t\t<\/div>\n\t\t\t\t<\/div>\n\t\t\t\t<div class=\"elementor-element elementor-element-d38720b elementor-widget elementor-widget-text-editor\" data-id=\"d38720b\" data-element_type=\"widget\" data-e-type=\"widget\" data-settings=\"{&quot;ekit_we_effect_on&quot;:&quot;none&quot;}\" data-widget_type=\"text-editor.default\">\n\t\t\t\t<div class=\"elementor-widget-container\">\n\t\t\t\t\t\t\t\t\t<p>En acc\u00e9dant et en l&#8217;utilisant ce site, vous acceptez les conditions d&#8217;utilisation suivantes (&#8220;CGU&#8221;), sans limitation ni qualification.<\/p><p>Bien que la pr\u00e9sente Politique de confidentialit\u00e9 s&#8217;applique \u00e0 tous nos Services, nous avons \u00e9galement fourni certains suppl\u00e9ments de confidentialit\u00e9 sp\u00e9cifiques qui contiennent des informations suppl\u00e9mentaires sur nos pratiques en rapport avec des Services particuliers. Ces suppl\u00e9ments s&#8217;appliquent \u00e0 votre emploi des Services qu&#8217;ils couvrent. Un consentement suppl\u00e9mentaire sera obtenu pour certaines activit\u00e9s de traitement des donn\u00e9es.<\/p><p>Zycus se r\u00e9serve le droit de mettre \u00e0 jour les CGU \u00e0 tout moment sans vous en informer. La version la plus r\u00e9cente des CGU peut \u00eatre revue en cliquant sur le lien hypertexte &#8221; Conditions d&#8217;utilisation &#8221; situ\u00e9 sur les pages du site web de Zycus.<\/p><p>Les pr\u00e9sentes conditions d&#8217;utilisation (les &#8221; conditions d&#8217;utilisation &#8220;) s&#8217;appliquent au site Web de Zycus situ\u00e9 \u00e0 l&#8217;adresse stagingwww.zycus.com, et \u00e0 tous les sites associ\u00e9s li\u00e9s \u00e0 stagingwww.zycus.com par Zycus, ses filiales et ses soci\u00e9t\u00e9s affili\u00e9es (collectivement, le &#8221; site web). Le site Web est la propri\u00e9t\u00e9 de Zycus Infotech Private Limited (&#8220;Zycus&#8221;). EN UTILISANT LE SITE WEB, VOUS ACCEPTEZ LES PR\u00c9SENTES CONDITIONS D&#8217;UTILISATION ; SI VOUS N&#8217;ACCEPTEZ PAS, N&#8217;UTILISEZ PAS LE SITE WEB.<\/p><p><strong>L&#8217;ACCEPTATION DES CONDITIONS :<\/strong><\/p><p>Votre acc\u00e8s et utilisation du site web de Zycus sont soumis et r\u00e9gis par les pr\u00e9sentes conditions d&#8217;utilisation, \u00e9galement appel\u00e9es &#8220;CGU&#8221;, y compris les clauses de non-responsabilit\u00e9, avis juridiques, accords ou conditions suppl\u00e9mentaires qui peuvent s&#8217;appliquer \u00e0 votre utilisation ou \u00e0 votre acc\u00e8s au site web, au mat\u00e9riel de Zycus ou au contenu utilisateur. En cas de conflit entre les conditions des pr\u00e9sentes CGU et toute autre condition l\u00e9gale suppl\u00e9mentaire, les conditions l\u00e9gales suppl\u00e9mentaires seront pr\u00e9value. Les pr\u00e9sentes CGU constituent un accord juridiquement contraignant entre vous et Zycus. Veuillez noter que les pr\u00e9sentes CGU ne r\u00e9gissent pas l&#8217;utilisation des solutions en cloud fournies par Zycus et pour lesquelles vous devez conclure un accord distinct. L&#8217;utilisation des donn\u00e9es que vous fournissez \u00e0 Zycus est r\u00e9gie par notre\u00a0Politique de confidentialit\u00e9.<\/p><p><strong>LE CONTENU<\/strong><\/p><p>\u00c0 travers ce site web, Zycus vous donne acc\u00e8s \u00e0 une vari\u00e9t\u00e9 de ressources, qui peuvent inclure des zones de t\u00e9l\u00e9chargement, des forums de communication et des informations, ainsi que des services Zycus limit\u00e9s tels que d\u00e9crits ci-dessous (collectivement &#8221; Services du site Web &#8220;). Les services du site web, y compris les mises \u00e0 jour, les am\u00e9liorations, les nouvelles fonctionnalit\u00e9s et\/ou l&#8217;ajout de toute nouvelle propri\u00e9t\u00e9 Web, sont soumis aux pr\u00e9sentes CGU.<\/p><p>L&#8217;ensemble du texte, des graphiques, des interfaces utilisateur, des interfaces visuelles, des photographies, des marques, des logos, des sons, de la musique, des illustrations et du code informatique (collectivement, le &#8220;contenu&#8221;), y compris, mais sans s&#8217;y limiter, la conception, la structure, la s\u00e9lection, la coordination, l&#8217;expression, \u201clook and feel\u201d et l&#8217;agencement dudit contenu, figurant sur le site web, est d\u00e9tenu, contr\u00f4l\u00e9 ou conc\u00e9d\u00e9 sous licence par ou \u00e0 Zycus, et est prot\u00e9g\u00e9 par des marque d\u00e9pos\u00e9e, les droits d&#8217;auteur, les brevets et les marques commerciales, ainsi que par divers autres droits de propri\u00e9t\u00e9 intellectuelle et lois sur la concurrence d\u00e9loyale.<\/p><p><strong>LES DROITS A LA PROPRI\u00c9T\u00c9 INTELLECTUELLE :<\/strong><\/p><p>Sauf disposition expresse des pr\u00e9sentes conditions d&#8217;utilisation, aucune partie du site web et aucun contenu ne peuvent \u00eatre copi\u00e9s, reproduits, republi\u00e9s, t\u00e9l\u00e9charg\u00e9s, publi\u00e9s, affich\u00e9s publiquement, cod\u00e9s, traduits, transmis ou distribu\u00e9s de quelque mani\u00e8re que ce soit (y compris la &#8220;mise en miroir&#8221;) vers un autre ordinateur, serveur, site Web ou autre support \u00e0 des fins de publication ou de distribution ou pour toute entreprise commerciale, sans le consentement \u00e9crit pr\u00e9alable expr\u00e8s de Zycus.<\/p><p>Vous pouvez utiliser les informations sur les produits et services de Zycus (telles que les fiches techniques, les articles de la base de connaissances et les documents similaires) mises \u00e0 disposition \u00e0 dessein par Zycus pour \u00eatre t\u00e9l\u00e9charg\u00e9es \u00e0 partir du site, \u00e0 condition que vous (1) ne supprimiez pas les mentions de propri\u00e9t\u00e9 figurant dans toutes les copies de ces documents, (2) utilisiez ces informations uniquement \u00e0 des fins d&#8217;information personnelle et non commerciale et ne copiez pas ou ne publiez pas ces informations sur un ordinateur en r\u00e9seau ou ne les diffusez pas dans un m\u00e9dia quelconque, (3) n&#8217;apportiez aucune modification \u00e0 ces informations et (4) ne fassiez aucune d\u00e9claration ou garantie suppl\u00e9mentaire concernant ces documents.<\/p><p>Les pages et le contenu de ce site Web sont soumis \u00e0 la protection des lois applicables en mati\u00e8re de droits d&#8217;auteur et de marques commerciales, et toutes les informations relatives aux droits d&#8217;auteur, les marques commerciales et les logos doivent rester intactes. Zycus vous accorde une autorisation non exclusive et limit\u00e9e d&#8217;acc\u00e9der et d&#8217;afficher les pages de ce site Web en tant que client, vendeur ou partenaire actuel ou potentiel de Zycus, ou \u00e0 des fins de recherche non commerciales, \u00e0 condition que vous respectiez les pr\u00e9sentes conditions d&#8217;utilisation. Toute autre utilisation de ce site Web est prohib\u00e9e.<\/p><p>Le non-respect de ces conditions ou de toute autre condition du pr\u00e9sent site Web entra\u00eenera la r\u00e9siliation automatique des droits qui vous sont accord\u00e9s, sans pr\u00e9avis, et vous devrez imm\u00e9diatement d\u00e9truire toutes les copies des documents t\u00e9l\u00e9charg\u00e9s en votre possession, sous votre garde ou sous votre contr\u00f4le. Vous ne pouvez pas utiliser, reproduire ou distribuer le mat\u00e9riel prot\u00e9g\u00e9 par le droit d&#8217;auteur, les marques, les logos, les graphiques, les sons, les vid\u00e9os, les images ou tout autre contenu propri\u00e9taire de ce site web sans l&#8217;autorisation \u00e9crite expresse de Zycus.<\/p><p><strong>CLAUSES DE NON-RESPONSABILIT\u00c9 :<\/strong><\/p><p>ZYCUS NE PROMET PAS QUE LE SITE WEB OU TOUT CONTENU, SERVICE OU FONCTIONNALIT\u00c9 DU SITE SERA EXEMPT D&#8217;ERREURS OU ININTERROMPU, OU QUE TOUT D\u00c9FAUT SERA CORRIG\u00c9, OU QUE VOTRE UTILISATION DU SITE FOURNIRA DES R\u00c9SULTATS SP\u00c9CIFIQUES. LE SITE WEB ET SON CONTENU SONT FOURNIS SUR UNE BASE &#8220;EN L&#8217;\u00c9TAT&#8221; ET ET &#8220;TEL QUE DISPONIBLE&#8221;. TOUTES LES INFORMATIONS FOURNIES SUR LE SITE WEB SONT SUSCEPTIBLES D&#8217;\u00caTRE MODIFI\u00c9ES SANS PR\u00c9AVIS. ZYCUS NE PEUT GARANTIR QUE LES FICHIERS OU AUTRES DONN\u00c9ES QUE VOUS T\u00c9L\u00c9CHARGEZ \u00c0 PARTIR DU SITE INTERNET SERONT EXEMPTS DE VIRUS, DE CONTAMINATION OU DE CARACT\u00c9RISTIQUES DESTRUCTIVES. ZYCUS D\u00c9CLINE TOUTE GARANTIE, EXPLICITE OU IMPLICITE, Y COMPRIS TOUTE GARANTIE D&#8217;EXACTITUDE, DE NON-VIOLATION, DE QUALIT\u00c9 MARCHANDE ET D&#8217;AD\u00c9QUATION \u00c0 UN USAGE PARTICULIER. ZYCUS D\u00c9CLINE TOUTE RESPONSABILIT\u00c9 POUR LES ACTES, LES OMISSIONS ET LA COMPORTEMENT DE TOUT TIERS EN RAPPORT AVEC VOTRE UTILISATION DU SITE WEB. VOUS ASSUMEZ L&#8217;ENTI\u00c8RE RESPONSABILIT\u00c9 DE VOTRE UTILISATION DU SITE WEB ET DE TOUS LES SITES LI\u00c9S. VOTRE SEUL RECOURS CONTRE ZYCUS EN CAS DE M\u00c9CONTENTEMENT \u00c0 L&#8217;\u00c9GARD DU SITE WEB OU DE TOUT CONTENU CONSISTE \u00c0 CESSER D&#8217;UTILISER LE SITE WEB OU LEDIT CONTENU.<\/p><p>La clause de non-responsabilit\u00e9 ci-dessus s&#8217;applique \u00e0 tout dommage, responsabilit\u00e9 ou pr\u00e9judice caus\u00e9 par un d\u00e9faut d&#8217;ex\u00e9cution, une erreur, une omission, une interruption, une suppression, un d\u00e9faut, un retard de fonctionnement ou de transmission, un virus informatique, une d\u00e9faillance de la ligne de communication, un vol ou une destruction ou un acc\u00e8s non autoris\u00e9, une alt\u00e9ration ou une utilisation, que ce soit pour une rupture de contrat, un d\u00e9lit, une n\u00e9gligence ou toute autre cause d&#8217;action.<\/p><p><strong>INDEMNIT\u00c9 :<\/strong><\/p><p>DANS TOUTE LA MESURE PERMISE PAR LA LOI APPLICABLE, ZYCUS NE SERA EN AUCUN CAS RESPONSABLE ENVERS UNE PARTIE DE TOUT DOMMAGE DIRECT, INDIRECT, ACCIDENTEL, SP\u00c9CIAL, EXEMPLAIRE OU CONS\u00c9CUTIF DE QUELQUE TYPE QUE CE SOIT LI\u00c9 \u00c0 OU D\u00c9COULANT DE CE SITE WEB OU DE TOUTE UTILISATION DE CE SITE WEB, OU DE TOUT SITE OU RESSOURCE LI\u00c9 \u00c0, R\u00c9F\u00c9RENC\u00c9, OU ACCESSIBLES PAR LE BIAIS DE CE SITE WEB, OU POUR L&#8217;UTILISATION OU LE T\u00c9L\u00c9CHARGEMENT DE, OU L&#8217;ACC\u00c8S \u00c0, TOUT MAT\u00c9RIEL, INFORMATION, PRODUIT OU SERVICE, Y COMPRIS, SANS S&#8217;Y LIMITER, TOUTE PERTE DE B\u00c9N\u00c9FICES, INTERRUPTION D&#8217;ACTIVIT\u00c9, PERTE D&#8217;\u00c9CONOMIES OU PERTE DE PROGRAMMES OU D&#8217;AUTRES DONN\u00c9ES, M\u00caME SI ZYCUS EST EXPLICITEMENT INFORM\u00c9 DE LA POSSIBILIT\u00c9 DE TELS DOMMAGES. CETTE EXCLUSION ET RENONCIATION DE RESPONSABILIT\u00c9 S&#8217;APPLIQUE \u00c0 TOUTES LES CAUSES D&#8217;ACTION, QU&#8217;ELLES SOIENT FOND\u00c9ES SUR UN CONTRAT, UNE GARANTIE, UN D\u00c9LIT OU TOUTE AUTRE TH\u00c9ORIE JURIDIQUE.<\/p><p>Vous acceptez d&#8217;indemniser et de d\u00e9gager Zycus, ses dirigeants, administrateurs, actionnaires, pr\u00e9d\u00e9cesseurs, successeurs d&#8217;int\u00e9r\u00eat, employ\u00e9s, agents, filiales et soci\u00e9t\u00e9s affili\u00e9es, de toute demande, perte, responsabilit\u00e9, r\u00e9clamation ou d\u00e9pense (y compris les honoraires d&#8217;avocat), faite \u00e0 l&#8217;encontre de Zycus par un tiers en raison de ou d\u00e9coulant de votre utilisation du site Web.<\/p><p><strong>LIMITATION D&#8217;UTILISATION :<\/strong><\/p><p>Zycus peut divulguer toutes les informations dont elle dispose sur vous (y compris votre identit\u00e9) si elle estime qu&#8217;une telle divulgation est n\u00e9cessaire dans le cadre d&#8217;une enqu\u00eate ou d&#8217;une plainte concernant votre utilisation du site Web, ou pour identifier, contacter ou engager une action en justice contre une personne susceptible de porter atteinte ou d&#8217;interf\u00e9rer (intentionnellement ou non) avec les droits ou la propri\u00e9t\u00e9 de Zycus, ou avec les droits ou la propri\u00e9t\u00e9 des visiteurs ou des utilisateurs du site Web, y compris les clients de Zycus. Zycus se r\u00e9serve le droit de divulguer \u00e0 tout moment toute information que Zycus juge n\u00e9cessaire pour se conformer \u00e0 toute loi applicable, r\u00e9glementation, proc\u00e9dure l\u00e9gale ou demande du gouvernement. Zycus peut \u00e9galement divulguer vos informations lorsque Zycus d\u00e9termine que la loi applicable exige ou autorise une telle divulgation, y compris l&#8217;\u00e9change d&#8217;informations avec d&#8217;autres soci\u00e9t\u00e9s et organisations \u00e0 des fins de protection contre la fraude.<\/p><p>Vous reconnaissez et acceptez que Zycus puisse conserver toute transmission ou communication de votre part avec Zycus par le biais du site Web ou de tout service offert sur ou par le biais du site Web, et peut \u00e9galement divulguer ces donn\u00e9es si la loi l&#8217;exige ou si Zycus d\u00e9termine que cette conservation ou cette divulgation est raisonnablement n\u00e9cessaire pour (1) se conformer \u00e0 une proc\u00e9dure l\u00e9gale, (2) faire respecter les pr\u00e9sentes conditions d&#8217;utilisation, (3) r\u00e9pondre aux r\u00e9clamations selon lesquelles ces donn\u00e9es violent les droits des autres,, ou (4) prot\u00e9ger les int\u00e9r\u00eats, la propri\u00e9t\u00e9 ou la s\u00e9curit\u00e9 personnelle de Zycus, de ses employ\u00e9s, des utilisateurs ou des visiteurs du site Web, et du public.<\/p><p>Vous acceptez que Zycus puisse, \u00e0 sa seule discr\u00e9tion et sans pr\u00e9avis, r\u00e9silier votre acc\u00e8s au site Web et\/ou bloquer votre acc\u00e8s futur au site Web si nous d\u00e9terminons que vous avez viol\u00e9 les pr\u00e9sentes conditions d&#8217;utilisation ou d&#8217;autres accords ou directives qui peuvent \u00eatre associ\u00e9s \u00e0 votre utilisation du site Web. Vous acceptez \u00e9galement que toute violation de votre part des pr\u00e9sentes conditions d&#8217;utilisation constitue une pratique commerciale ill\u00e9gale et d\u00e9loyale et cause un pr\u00e9judice irr\u00e9parable \u00e0 Zycus, pour lequel des dommages p\u00e9cuniaires seraient inad\u00e9quats, et vous consentez \u00e0 ce que Zycus obtienne toute mesure injonctive ou \u00e9quitable que Zycus juge n\u00e9cessaire ou appropri\u00e9e dans de telles circonstances. Ces recours s&#8217;ajoutent \u00e0 tous les autres recours dont Zycus peut disposer en droit ou en \u00e9quit\u00e9.<\/p><p>Vous acceptez que Zycus puisse, \u00e0 sa seule discr\u00e9tion et sans pr\u00e9avis, mettre fin \u00e0 votre acc\u00e8s au site Web, pour un motif valable, ce qui inclut (sans s&#8217;y limiter) (1) les demandes des agences d&#8217;application de la loiou d&#8217;autres agences gouvernementales, (2) une demande de votre part (suppressions de compte auto-initi\u00e9es), (3) l&#8217;interruption ou la modification mat\u00e9rielle du site Web ou de tout service offert sur ou via le site Web, ou (4) des questions ou des probl\u00e8mes techniques inattendus.<\/p><p>Si Zycus intente une action en justice \u00e0 votre encontre suite \u00e0 votre violation des pr\u00e9sentes conditions d&#8217;utilisation, Zycus sera en droit de r\u00e9cup\u00e9rer aupr\u00e8s de vous, et vous acceptez de payer, tous les honoraires d&#8217;avocat et co\u00fbts raisonnables d&#8217;une telle action, en plus de toute autre r\u00e9paration accord\u00e9e \u00e0 Zycus. Vous acceptez que Zycus ne soit pas responsable envers vous ou envers un tiers de la r\u00e9siliation de votre acc\u00e8s au site Web \u00e0 la suite d&#8217;une violation des pr\u00e9sentes conditions d&#8217;utilisation.<\/p><p><strong>Loi applicable; r\u00e8glement des conflits :<\/strong><\/p><p>Vous acceptez que toutes les questions relatives \u00e0 votre acc\u00e8s au site Web ou \u00e0 son utilisation, y compris tous les litiges, soient r\u00e9gies par les lois de l&#8217;Inde, sans tenir compte de ses dispositions en mati\u00e8re de conflits de l\u00e9gislation. Vous acceptez la comp\u00e9tence personnelle des tribunaux de Mumbai et renoncez \u00e0 toute objection \u00e0 cette comp\u00e9tence ou \u00e0 ce lieu. Toute r\u00e9clamation au titre des pr\u00e9sentes conditions d&#8217;utilisation doit \u00eatre pr\u00e9sent\u00e9e dans un d\u00e9lai d&#8217;un (1) an apr\u00e8s la naissance de la cause de l&#8217;action, faute de quoi cette r\u00e9clamation ou cause d&#8217;action est prescrite. Aucune r\u00e9cup\u00e9ration ne peut \u00eatre demand\u00e9e ou re\u00e7ue pour des dommages autres que les d\u00e9penses personnelles, sauf que la partie gagnante aura droit aux co\u00fbts et aux honoraires d&#8217;avocat. En cas de controverse ou de litige entre Zycus et vous d\u00e9coulant de votre utilisation du site Web ou en rapport avec celle-ci, les parties tenteront, rapidement et en toute bonne foi, de r\u00e9soudre ce litige. Si nous ne sommes pas en mesure de r\u00e9soudre un tel litige dans un d\u00e9lai raisonnable (qui ne doit pas d\u00e9passer trente (30) jours), l&#8217;une ou l&#8217;autre des parties peut soumettre cette controverse ou ce litige \u00e0 la m\u00e9diation. Si le litige ne peut \u00eatre r\u00e9solu par la m\u00e9diation, les parties seront libres d&#8217;exercer tout droit ou recours dont elles disposent en vertu de la loi applicable.<\/p>\t\t\t\t\t\t\t\t<\/div>\n\t\t\t\t<\/div>\n\t\t\t\t\t<\/div>\n\t\t\t\t<\/div>\n\t\t\t\t\t<\/div>\n\t\t\t\t<\/div>\n\t\t\t\t<\/div>\n\t\t","protected":false},"excerpt":{"rendered":"<p>Home LES CONDITIONS D\u2019UTILISATION CHAMP D&#8217;APPLICATION En acc\u00e9dant et en l&#8217;utilisant ce site, vous acceptez les conditions d&#8217;utilisation suivantes (&#8220;CGU&#8221;), sans limitation ni qualification. Bien que la pr\u00e9sente Politique de confidentialit\u00e9 s&#8217;applique \u00e0 tous nos Services, nous avons \u00e9galement fourni certains suppl\u00e9ments de confidentialit\u00e9 sp\u00e9cifiques qui contiennent des informations suppl\u00e9mentaires sur nos pratiques en rapport [&hellip;]<\/p>\n","protected":false},"author":16,"featured_media":0,"parent":0,"menu_order":0,"comment_status":"closed","ping_status":"closed","template":"","meta":{"_acf_changed":false,"site-sidebar-layout":"no-sidebar","site-content-layout":"page-builder","ast-site-content-layout":"full-width-container","site-content-style":"default","site-sidebar-style":"default","ast-global-header-display":"","ast-banner-title-visibility":"","ast-main-header-display":"","ast-hfb-above-header-display":"","ast-hfb-below-header-display":"","ast-hfb-mobile-header-display":"","site-post-title":"disabled","ast-breadcrumbs-content":"","ast-featured-img":"disabled","footer-sml-layout":"","theme-transparent-header-meta":"default","adv-header-id-meta":"","stick-header-meta":"default","header-above-stick-meta":"","header-main-stick-meta":"","header-below-stick-meta":"","astra-migrate-meta-layouts":"set","ast-page-background-enabled":"default","ast-page-background-meta":{"desktop":{"background-color":"","background-image":"","background-repeat":"repeat","background-position":"center center","background-size":"auto","background-attachment":"scroll","background-type":"","background-media":"","overlay-type":"","overlay-color":"","overlay-gradient":""},"tablet":{"background-color":"","background-image":"","background-repeat":"repeat","background-position":"center center","background-size":"auto","background-attachment":"scroll","background-type":"","background-media":"","overlay-type":"","overlay-color":"","overlay-gradient":""},"mobile":{"background-color":"","background-image":"","background-repeat":"repeat","background-position":"center center","background-size":"auto","background-attachment":"scroll","background-type":"","background-media":"","overlay-type":"","overlay-color":"","overlay-gradient":""}},"ast-content-background-meta":{"desktop":{"background-color":"var(--ast-global-color-5)","background-image":"","background-repeat":"repeat","background-position":"center center","background-size":"auto","background-attachment":"scroll","background-type":"","background-media":"","overlay-type":"","overlay-color":"","overlay-gradient":""},"tablet":{"background-color":"var(--ast-global-color-5)","background-image":"","background-repeat":"repeat","background-position":"center center","background-size":"auto","background-attachment":"scroll","background-type":"","background-media":"","overlay-type":"","overlay-color":"","overlay-gradient":""},"mobile":{"background-color":"var(--ast-global-color-5)","background-image":"","background-repeat":"repeat","background-position":"center center","background-size":"auto","background-attachment":"scroll","background-type":"","background-media":"","overlay-type":"","overlay-color":"","overlay-gradient":""}},"footnotes":""},"class_list":["post-6607","page","type-page","status-publish","hentry"],"acf":[],"_links":{"self":[{"href":"https:\/\/staging.zycus.com\/fr\/wp-json\/wp\/v2\/pages\/6607","targetHints":{"allow":["GET"]}}],"collection":[{"href":"https:\/\/staging.zycus.com\/fr\/wp-json\/wp\/v2\/pages"}],"about":[{"href":"https:\/\/staging.zycus.com\/fr\/wp-json\/wp\/v2\/types\/page"}],"author":[{"embeddable":true,"href":"https:\/\/staging.zycus.com\/fr\/wp-json\/wp\/v2\/users\/16"}],"replies":[{"embeddable":true,"href":"https:\/\/staging.zycus.com\/fr\/wp-json\/wp\/v2\/comments?post=6607"}],"version-history":[{"count":12,"href":"https:\/\/staging.zycus.com\/fr\/wp-json\/wp\/v2\/pages\/6607\/revisions"}],"predecessor-version":[{"id":7430,"href":"https:\/\/staging.zycus.com\/fr\/wp-json\/wp\/v2\/pages\/6607\/revisions\/7430"}],"wp:attachment":[{"href":"https:\/\/staging.zycus.com\/fr\/wp-json\/wp\/v2\/media?parent=6607"}],"curies":[{"name":"wp","href":"https:\/\/api.w.org\/{rel}","templated":true}]}}