{"id":6634,"date":"2024-03-11T07:48:31","date_gmt":"2024-03-11T07:48:31","guid":{"rendered":"https:\/\/zycus.com\/fr\/?page_id=6634"},"modified":"2026-01-28T12:00:42","modified_gmt":"2026-01-28T12:00:42","slug":"cookie-policy","status":"publish","type":"page","link":"https:\/\/staging.zycus.com\/fr\/cookie-policy","title":{"rendered":"Cookie Policy"},"content":{"rendered":"\t\t<div data-elementor-type=\"wp-page\" data-elementor-id=\"6634\" class=\"elementor elementor-6634\" data-elementor-post-type=\"page\">\n\t\t\t\t<div class=\"elementor-element elementor-element-0b385a1 e-flex e-con-boxed e-con e-parent\" data-id=\"0b385a1\" data-element_type=\"container\" data-e-type=\"container\" id=\"newbannergradientwp\" data-settings=\"{&quot;background_background&quot;:&quot;classic&quot;}\">\n\t\t\t\t\t<div class=\"e-con-inner\">\n\t\t\t\t<div class=\"elementor-element elementor-element-4c4687f elementor-widget elementor-widget-breadcrumbs\" data-id=\"4c4687f\" data-element_type=\"widget\" data-e-type=\"widget\" data-settings=\"{&quot;ekit_we_effect_on&quot;:&quot;none&quot;}\" data-widget_type=\"breadcrumbs.default\">\n\t\t\t\t<div class=\"elementor-widget-container\">\n\t\t\t\t\t<nav aria-label=\"breadcrumbs\" class=\"rank-math-breadcrumb\"><p><span class=\"last\">Domicile<\/span><\/p><\/nav>\t\t\t\t<\/div>\n\t\t\t\t<\/div>\n\t\t\t\t<div class=\"elementor-element elementor-element-1c8a451 elementor-widget elementor-widget-heading\" data-id=\"1c8a451\" data-element_type=\"widget\" data-e-type=\"widget\" data-settings=\"{&quot;ekit_we_effect_on&quot;:&quot;none&quot;}\" data-widget_type=\"heading.default\">\n\t\t\t\t<div class=\"elementor-widget-container\">\n\t\t\t\t\t<h1 class=\"elementor-heading-title elementor-size-default\">Cookie-Policy: Zycus French\n<\/h1>\t\t\t\t<\/div>\n\t\t\t\t<\/div>\n\t\t\t\t\t<\/div>\n\t\t\t\t<\/div>\n\t\t<div class=\"elementor-element elementor-element-40cbc75 e-flex e-con-boxed e-con e-parent\" data-id=\"40cbc75\" data-element_type=\"container\" data-e-type=\"container\">\n\t\t\t\t\t<div class=\"e-con-inner\">\n\t\t<div class=\"elementor-element elementor-element-10ceb12 e-flex e-con-boxed e-con e-child\" data-id=\"10ceb12\" data-element_type=\"container\" data-e-type=\"container\">\n\t\t\t\t\t<div class=\"e-con-inner\">\n\t\t\t\t<div class=\"elementor-element elementor-element-d38720b elementor-widget elementor-widget-text-editor\" data-id=\"d38720b\" data-element_type=\"widget\" data-e-type=\"widget\" data-settings=\"{&quot;ekit_we_effect_on&quot;:&quot;none&quot;}\" data-widget_type=\"text-editor.default\">\n\t\t\t\t<div class=\"elementor-widget-container\">\n\t\t\t\t\t\t\t\t\t<p><strong>1.CHAMP D\u2019APPLICATION DE LA POLITIQUE<\/strong><\/p><p>Cette politique s&#8217;applique aux cookies captur\u00e9s par les sites web d\u00e9tenus ou contr\u00f4l\u00e9s par Zycus Infotech Private Limited et ses soci\u00e9t\u00e9s affili\u00e9es (collectivement d\u00e9nomm\u00e9s dans la pr\u00e9sente politique &#8220;nous&#8221;, &#8220;notre&#8221; ou &#8220;nos&#8221;). Nous utilisons des cookies pour personnaliser le contenu et les publicit\u00e9s, pour fournir des fonctionnalit\u00e9s de m\u00e9dias sociaux et pour analyser notre trafic.<\/p><p>Nous nous conformons aux lois et r\u00e8glements relatifs \u00e0 la protection des donn\u00e9es, tels que le r\u00e8glement g\u00e9n\u00e9ral sur la protection des donn\u00e9es. Celui-ci r\u00e9glemente le traitement des donn\u00e9es personnelles et autres vous concernant et vous accorde divers droits sur vos donn\u00e9es personnelles. La loi stipule que nous pouvons stocker des cookies sur votre appareil s&#8217;ils sont strictement n\u00e9cessaires au fonctionnement de ce site. Pour tous les autres types de cookies, nous avons besoin de votre autorisation. En continuant \u00e0 utiliser notre site, vous acceptez d&#8217;utiliser nos cookies.<\/p><p>L&#8217;objectif de cette politique est de vous aider \u00e0 comprendre quels cookies nous utilisons sur notre site et pourquoi nous les utilisons. Veuillez la lire attentivement avant de continuer.<\/p><p><strong>2. QU&#8217;EST-CE QU&#8217;UN COOKIE ?<\/strong><\/p><p>Un &#8220;cookie&#8221; est un petit fichier de donn\u00e9es qu&#8217;un site web peut envoyer \u00e0 votre navigateur et qui peut ensuite \u00eatre stock\u00e9 dans votre syst\u00e8me. Tous les cookies comportent une date d&#8217;expiration qui d\u00e9finit la dur\u00e9e pendant laquelle ils restent dans votre navigateur. Les cookies peuvent \u00eatre supprim\u00e9s de deux mani\u00e8res : automatiquement, lorsqu&#8217;ils expirent, ou en les supprimant manuellement. Vous trouverez ci-dessous des informations sur la mani\u00e8re dont vous pouvez g\u00e9rer et supprimer les cookies.<\/p><p><strong>3. D\u00c9CLARATION RELATIVE AUX COOKIES<\/strong><\/p><p>Ce site utilise diff\u00e9rents types de cookies. Nous utilisons les cookies pour compiler des statistiques agr\u00e9g\u00e9es qui nous permettent de comprendre comment les gens utilisent nos sites et nous aident \u00e0 am\u00e9liorer leur structure et leur contenu. Nous partageons \u00e9galement des informations sur votre utilisation de notre site avec nos partenaires de m\u00e9dias sociaux, de publicit\u00e9 et d&#8217;analyse qui peuvent les combiner avec d&#8217;autres informations que vous leur avez fournies ou qu&#8217;ils ont collect\u00e9es \u00e0 partir de votre utilisation de leurs services. Vous consentez \u00e0 nos cookies si vous continuez \u00e0 utiliser ce site web.<\/p><p><strong>4. CAT\u00c9GORIES DE COOKIES SUR NOTRE SITE WEB<\/strong><\/p><p>Nous utilisons les cat\u00e9gories de cookies suivantes sur notre site web :<\/p><p><strong>Cookie de session :<\/strong><\/p><p>Un cookie de session, \u00e9galement appel\u00e9 cookie en m\u00e9moire, cookie transitoire ou cookie non persistent, n&#8217;existe que dans la m\u00e9moire temporaire pendant que l&#8217;utilisateur navigue sur le site web. Les navigateurs internet suppriment normalement les cookies de session lorsque l&#8217;utilisateur ferme le navigateur. Contrairement aux autres cookies, les cookies de session n&#8217;ont pas de date d&#8217;expiration qui leur est attribu\u00e9e, c&#8217;est ainsi que le navigateur sait qu&#8217;il doit les traiter comme des cookies de session.<\/p><p><strong>Les cookies de performance :<\/strong><\/p><p>Ces cookies collectent des informations anonymes sur la fa\u00e7on dont les personnes utilisent notre site web. Les donn\u00e9es stock\u00e9es par ces cookies ne montrent jamais de d\u00e9tails personnels \u00e0 partir desquels votre identit\u00e9 individuelle peut \u00eatre \u00e9tablie.<\/p><p><strong>Les Cookies de fonctionnalit\u00e9 :<\/strong><\/p><p>Ces cookies m\u00e9morisent les choix que vous faites, tels que le pays \u00e0 partir duquel vous visitez notre site web, la langue et les param\u00e8tres de recherche tels que la taille, la couleur ou la gamme de produits. Ils peuvent ensuite \u00eatre utilis\u00e9s pour vous fournir une exp\u00e9rience plus adapt\u00e9e \u00e0 vos choix et pour rendre les visites plus personnalis\u00e9es et agr\u00e9ables. Les informations que ces cookies collectent peuvent \u00eatre anonymis\u00e9 et ils ne peuvent pas suivre votre activit\u00e9 de navigation sur d&#8217;autres sites web.<\/p><p><strong>Les cookies de ciblage ou cookies publicitaires :<\/strong><\/p><p>Ces cookies collectent des informations sur vos habitudes de navigation afin de rendre la publicit\u00e9 plus adapt\u00e9e \u00e0 vous et \u00e0 vos int\u00e9r\u00eats. Ils sont \u00e9galement utilis\u00e9s pour limiter le nombre de fois o\u00f9 vous voyez une publicit\u00e9 et pour aider \u00e0 mesurer l&#8217;efficacit\u00e9 d&#8217;une campagne publicitaire. Les cookies sont g\u00e9n\u00e9ralement plac\u00e9s par des r\u00e9seaux publicitaires tiers. Ils se souviennent des sites web que vous visitez et ces informations sont partag\u00e9es avec d&#8217;autres parties telles que les annonceurs.<\/p><p><strong>5. Comment effacer les cookies<\/strong><\/p><p>La plupart des navigateurs internet sont initialement configur\u00e9s pour accepter automatiquement les cookies. Vous pouvez modifier les param\u00e8tres pour bloquer les cookies ou pour vous alerter lorsque des cookies sont envoy\u00e9s \u00e0 votre appareil. Il existe plusieurs fa\u00e7ons de g\u00e9rer les cookies. Veuillez consulter les instructions de votre navigateur ou l&#8217;\u00e9cran d&#8217;aide pour en savoir plus sur la mani\u00e8re d&#8217;ajuster ou de modifier les param\u00e8tres de votre navigateur.<\/p><p>Veuillez noter que si vous d\u00e9sactivez les cookies que nous utilisons, cela peut avoir un impact sur votre exp\u00e9rience lorsque vous visitez notre site web, par exemple vous ne pourrez peut-\u00eatre pas visiter certaines zones de notre site web ou vous ne recevrez peut-\u00eatre pas d&#8217;informations personnalis\u00e9es lorsque vous visitez notre site web. Si vous utilisez diff\u00e9rents appareils pour consulter et acc\u00e9der \u00e0 notre site web (par exemple, votre ordinateur, votre Smartphone, votre tablette, etc.), vous devrez vous assurer que le navigateur de chaque appareil est ajust\u00e9 en fonction de vos pr\u00e9f\u00e9rences en mati\u00e8re de cookies.<\/p><p><strong>6. MODIFICATIONS DE NOTRE POLITIQUE EN MATI\u00c8RE DE COOKIES<\/strong><\/p><p>Si notre politique en mati\u00e8re de cookies est modifi\u00e9e de quelque mani\u00e8re que ce soit, nous placerons une version actualis\u00e9e sur cette page. En consultant r\u00e9guli\u00e8rement cette page, vous serez toujours au courant des informations personnelles que nous recueillons, de la mani\u00e8re dont nous les utilisons et des circonstances dans lesquelles, s\u2019il y en a, nous les partagerons avec d&#8217;autres parties.<\/p><p><strong>COMMENT NOUS CONTACTER<\/strong><\/p><p>Si vous avez des questions concernant la pr\u00e9sente d\u00e9claration ou vos informations personnelles, veuillez nous contacter \u00e0 l&#8217;adresse suivante :\u00a0<a href=\"mailto:ist@zycus.com\">ist@zycus.com<\/a>.<\/p>\t\t\t\t\t\t\t\t<\/div>\n\t\t\t\t<\/div>\n\t\t\t\t\t<\/div>\n\t\t\t\t<\/div>\n\t\t\t\t\t<\/div>\n\t\t\t\t<\/div>\n\t\t\t\t<\/div>\n\t\t","protected":false},"excerpt":{"rendered":"<p>Home Cookie-Policy: Zycus French 1.CHAMP D\u2019APPLICATION DE LA POLITIQUE Cette politique s&#8217;applique aux cookies captur\u00e9s par les sites web d\u00e9tenus ou contr\u00f4l\u00e9s par Zycus Infotech Private Limited et ses soci\u00e9t\u00e9s affili\u00e9es (collectivement d\u00e9nomm\u00e9s dans la pr\u00e9sente politique &#8220;nous&#8221;, &#8220;notre&#8221; ou &#8220;nos&#8221;). Nous utilisons des cookies pour personnaliser le contenu et les publicit\u00e9s, pour fournir des [&hellip;]<\/p>\n","protected":false},"author":16,"featured_media":0,"parent":0,"menu_order":0,"comment_status":"closed","ping_status":"closed","template":"","meta":{"_acf_changed":false,"site-sidebar-layout":"no-sidebar","site-content-layout":"page-builder","ast-site-content-layout":"full-width-container","site-content-style":"default","site-sidebar-style":"default","ast-global-header-display":"","ast-banner-title-visibility":"","ast-main-header-display":"","ast-hfb-above-header-display":"","ast-hfb-below-header-display":"","ast-hfb-mobile-header-display":"","site-post-title":"disabled","ast-breadcrumbs-content":"","ast-featured-img":"disabled","footer-sml-layout":"","theme-transparent-header-meta":"default","adv-header-id-meta":"","stick-header-meta":"default","header-above-stick-meta":"","header-main-stick-meta":"","header-below-stick-meta":"","astra-migrate-meta-layouts":"set","ast-page-background-enabled":"default","ast-page-background-meta":{"desktop":{"background-color":"","background-image":"","background-repeat":"repeat","background-position":"center center","background-size":"auto","background-attachment":"scroll","background-type":"","background-media":"","overlay-type":"","overlay-color":"","overlay-gradient":""},"tablet":{"background-color":"","background-image":"","background-repeat":"repeat","background-position":"center center","background-size":"auto","background-attachment":"scroll","background-type":"","background-media":"","overlay-type":"","overlay-color":"","overlay-gradient":""},"mobile":{"background-color":"","background-image":"","background-repeat":"repeat","background-position":"center center","background-size":"auto","background-attachment":"scroll","background-type":"","background-media":"","overlay-type":"","overlay-color":"","overlay-gradient":""}},"ast-content-background-meta":{"desktop":{"background-color":"var(--ast-global-color-5)","background-image":"","background-repeat":"repeat","background-position":"center center","background-size":"auto","background-attachment":"scroll","background-type":"","background-media":"","overlay-type":"","overlay-color":"","overlay-gradient":""},"tablet":{"background-color":"var(--ast-global-color-5)","background-image":"","background-repeat":"repeat","background-position":"center center","background-size":"auto","background-attachment":"scroll","background-type":"","background-media":"","overlay-type":"","overlay-color":"","overlay-gradient":""},"mobile":{"background-color":"var(--ast-global-color-5)","background-image":"","background-repeat":"repeat","background-position":"center center","background-size":"auto","background-attachment":"scroll","background-type":"","background-media":"","overlay-type":"","overlay-color":"","overlay-gradient":""}},"footnotes":""},"class_list":["post-6634","page","type-page","status-publish","hentry"],"acf":[],"_links":{"self":[{"href":"https:\/\/staging.zycus.com\/fr\/wp-json\/wp\/v2\/pages\/6634","targetHints":{"allow":["GET"]}}],"collection":[{"href":"https:\/\/staging.zycus.com\/fr\/wp-json\/wp\/v2\/pages"}],"about":[{"href":"https:\/\/staging.zycus.com\/fr\/wp-json\/wp\/v2\/types\/page"}],"author":[{"embeddable":true,"href":"https:\/\/staging.zycus.com\/fr\/wp-json\/wp\/v2\/users\/16"}],"replies":[{"embeddable":true,"href":"https:\/\/staging.zycus.com\/fr\/wp-json\/wp\/v2\/comments?post=6634"}],"version-history":[{"count":15,"href":"https:\/\/staging.zycus.com\/fr\/wp-json\/wp\/v2\/pages\/6634\/revisions"}],"predecessor-version":[{"id":13565,"href":"https:\/\/staging.zycus.com\/fr\/wp-json\/wp\/v2\/pages\/6634\/revisions\/13565"}],"wp:attachment":[{"href":"https:\/\/staging.zycus.com\/fr\/wp-json\/wp\/v2\/media?parent=6634"}],"curies":[{"name":"wp","href":"https:\/\/api.w.org\/{rel}","templated":true}]}}