{"id":7700,"date":"2024-07-29T13:12:11","date_gmt":"2024-07-29T13:12:11","guid":{"rendered":"https:\/\/staging.zycus.com\/fr\/staging\/?page_id=7700"},"modified":"2025-04-08T11:35:36","modified_gmt":"2025-04-08T11:35:36","slug":"press-releases","status":"publish","type":"page","link":"https:\/\/staging.zycus.com\/fr\/press-releases","title":{"rendered":"Communiqu\u00e9 de presse"},"content":{"rendered":"\t\t<div data-elementor-type=\"wp-page\" data-elementor-id=\"7700\" class=\"elementor elementor-7700\" data-elementor-post-type=\"page\">\n\t\t\t\t<div class=\"elementor-element elementor-element-350440a e-flex e-con-boxed e-con e-parent\" data-id=\"350440a\" data-element_type=\"container\" data-e-type=\"container\" id=\"newbannergradientwp\" data-settings=\"{&quot;background_background&quot;:&quot;classic&quot;}\">\n\t\t\t\t\t<div class=\"e-con-inner\">\n\t\t\t\t<div class=\"elementor-element elementor-element-3d5064f elementor-widget elementor-widget-shortcode\" data-id=\"3d5064f\" data-element_type=\"widget\" data-e-type=\"widget\" data-settings=\"{&quot;ekit_we_effect_on&quot;:&quot;none&quot;}\" data-widget_type=\"shortcode.default\">\n\t\t\t\t<div class=\"elementor-widget-container\">\n\t\t\t\t\t\t\t<div class=\"elementor-shortcode\"><div class=\"ast-breadcrumbs-wrapper\">\r\n\t\t\t<div class=\"ast-breadcrumbs-inner\"><nav role=\"navigation\" aria-label=\"Breadcrumbs\" class=\"breadcrumb-trail breadcrumbs\" ><div class=\"ast-breadcrumbs\"><ul class=\"trail-items\" ><li  class=\"trail-item trail-end\"><span><a href=\"https:\/\/staging.zycus.com\/fr\" rel=\"home\"><span >Home<\/span><\/a><\/span><\/li><\/ul><\/div><\/nav><\/div>\r\n\t\t<\/div>\n<\/div>\n\t\t\t\t\t\t<\/div>\n\t\t\t\t<\/div>\n\t\t\t\t<div class=\"elementor-element elementor-element-d1e395b elementor-widget elementor-widget-heading\" data-id=\"d1e395b\" data-element_type=\"widget\" data-e-type=\"widget\" data-settings=\"{&quot;ekit_we_effect_on&quot;:&quot;none&quot;}\" data-widget_type=\"heading.default\">\n\t\t\t\t<div class=\"elementor-widget-container\">\n\t\t\t\t\t<h1 class=\"elementor-heading-title elementor-size-default\">Communiqu\u00e9 de presse<\/h1>\t\t\t\t<\/div>\n\t\t\t\t<\/div>\n\t\t\t\t\t<\/div>\n\t\t\t\t<\/div>\n\t\t<div class=\"elementor-element elementor-element-b24a781 e-flex e-con-boxed e-con e-parent\" data-id=\"b24a781\" data-element_type=\"container\" data-e-type=\"container\">\n\t\t\t\t\t<div class=\"e-con-inner\">\n\t\t\t\t<div class=\"elementor-element elementor-element-ad35fb0 elementor-widget elementor-widget-uael-posts\" data-id=\"ad35fb0\" data-element_type=\"widget\" data-e-type=\"widget\" data-settings=\"{&quot;feed_slides_to_show_tablet&quot;:2,&quot;feed_slides_to_show_mobile&quot;:1,&quot;feed_show_filters&quot;:&quot;no&quot;,&quot;ekit_we_effect_on&quot;:&quot;none&quot;}\" data-widget_type=\"uael-posts.feed\">\n\t\t\t\t<div class=\"elementor-widget-container\">\n\t\t\t\t\t\t\t<div class=\"uael-post__header\">\n\t\t\t\t\t<\/div>\n\t\t<div class=\"uael-post__body\">\n\t\t\t\n\t\t\n\t\t<div class=\"uael-post-grid uael-posts\" data-query-type=\"custom\" data-structure=\"\" data-layout=\"\" data-page=\"7700\" data-skin=\"feed\" data-filter-default=\"\" data-offset-top=\"30\" >\n\n\t\t\t\t\t\t\t<div class=\"uael-post-grid__inner uael-post__columns-1 uael-post__columns-tablet-1 uael-post__columns-mobile-1\">\n\t\t\t\n\n<div class=\"uael-post-wrapper  \">\n\n\t<div class=\"uael-post__bg-wrap\">\n\t\t\n\t\t\n\t\t<div class=\"uael-post__inner-wrap \">\n\n\t\t\t\t<div class=\"uael-post__thumbnail\">\n\t\t\t\n\t\t\t<a href=\"https:\/\/staging.zycus.com\/fr\/press-releases\/gartner-magic-quadrant-2026-zycus-source-to-pay\" target=\"_self\" title=\"Zycus nomm\u00e9 LEADER dans le Magic Quadrant\u2122 Gartner\u00ae 2026 pour les suites Source-to-Pay\"><img fetchpriority=\"high\" decoding=\"async\" width=\"347\" height=\"215\" src=\"https:\/\/staging.zycus.com\/fr\/wp-content\/uploads\/2024\/07\/PressRelease.webp\" class=\"attachment-full size-full wp-image-7656\" alt=\"PressRelease\" srcset=\"https:\/\/staging.zycus.com\/fr\/wp-content\/uploads\/2024\/07\/PressRelease.webp 347w, https:\/\/staging.zycus.com\/fr\/wp-content\/uploads\/2024\/07\/PressRelease-300x186.webp 300w\" sizes=\"(max-width: 347px) 100vw, 347px\" \/><\/a>\n\t\t\t\t\t<\/div>\n\t\t\n\t\t\t\n\t\t\t<div class=\"uael-post__content-wrap\">\n\n\t\t\t\t\t<h3 class=\"uael-post__title\">\n\n\t\t\n\t\t\t\t\t\t<a href=\"https:\/\/staging.zycus.com\/fr\/press-releases\/gartner-magic-quadrant-2026-zycus-source-to-pay\" target=\"_self\">\n\t\t\t\tZycus nomm\u00e9 LEADER dans le Magic Quadrant\u2122 Gartner\u00ae 2026 pour les suites Source-to-Pay\t\t\t<\/a>\n\n\t\t\t\t<\/h3>\n\t\t<div class=\"uael-post__separator\"><\/div>\n\t\t<div class=\"uael-post__excerpt\">\n\t\t\tCette reconnaissance refl\u00e8te la dynamique de Zycus en mati\u00e8re d\u2019IA agentique, sa suite S2P int\u00e9gr\u00e9e, la confiance dans la marque et les r\u00e9sultats obtenus par ...\t\t<\/div>\n\n\t\t\t\t\t<div class=\"uael-post__meta-data\">\n\t\t\t\t\t<span class=\"uael-post__date\">\n\t\t\t\t\t\t\t\t\t\t\t\t\t<svg aria-hidden=\"true\" class=\"e-font-icon-svg e-fa-calendar\" viewBox=\"0 0 448 512\" xmlns=\"http:\/\/www.w3.org\/2000\/svg\"><path d=\"M12 192h424c6.6 0 12 5.4 12 12v260c0 26.5-21.5 48-48 48H48c-26.5 0-48-21.5-48-48V204c0-6.6 5.4-12 12-12zm436-44v-36c0-26.5-21.5-48-48-48h-48V12c0-6.6-5.4-12-12-12h-40c-6.6 0-12 5.4-12 12v52H160V12c0-6.6-5.4-12-12-12h-40c-6.6 0-12 5.4-12 12v52H48C21.5 64 0 85.5 0 112v36c0 6.6 5.4 12 12 12h424c6.6 0 12-5.4 12-12z\"><\/path><\/svg>\t\t\t\t\t\t\t\t\t\n\t\t\tJanuary 23, 2026\t\t<\/span>\n\t\t\t\t<\/div>\n\t\t\t\t\t<a class=\"uael-post__read-more elementor-button\" href=\"https:\/\/staging.zycus.com\/fr\/press-releases\/gartner-magic-quadrant-2026-zycus-source-to-pay\" target=\"_self\" aria-labelledby=\"uael-post-13346\">\n\t\t\t\t\t<span class=\"elementor-button-content-wrapper\">\n\t\t\t\t\t\t\t\t\t\t\t\t\t\t<span class=\"elementor-button-icon elementor-align-icon-left\">\n\n\t\t\t\t\t\t\t\t\t\n\t\t\t\t\t\t\t\t<\/span>\n\t\t\t\t\t\t\t\t\t\t\t\t\t\n\t\t\t\t\t\t<span class=\"elementor-button-text\" id=uael-post-13346>Lire la suite<\/span>\n\t\t\t\t\t<\/span>\n\t\t\t\t<\/a>\n\t\t\t\t\t\t<\/div>\n\t\t\t\n\t\t<\/div>\n\t\t\n\t<\/div>\n\n<\/div>\n\n\n<div class=\"uael-post-wrapper  \">\n\n\t<div class=\"uael-post__bg-wrap\">\n\t\t\n\t\t\n\t\t<div class=\"uael-post__inner-wrap \">\n\n\t\t\t\t<div class=\"uael-post__thumbnail\">\n\t\t\t\n\t\t\t<a href=\"https:\/\/staging.zycus.com\/fr\/press-releases\/zycus-nomme-leader-dans-forrester-wave-supplier-value-management-svm-platforms\" target=\"_self\" title=\"Zycus reconnu \u00ab LEADER \u00bb des plateformes de (SVM) gestion de la valeur des prestataires par un cabinet d&#8217;\u00e9tudes ind\u00e9pendant\"><img fetchpriority=\"high\" decoding=\"async\" width=\"347\" height=\"215\" src=\"https:\/\/staging.zycus.com\/fr\/wp-content\/uploads\/2024\/07\/PressRelease.webp\" class=\"attachment-full size-full wp-image-7656\" alt=\"PressRelease\" srcset=\"https:\/\/staging.zycus.com\/fr\/wp-content\/uploads\/2024\/07\/PressRelease.webp 347w, https:\/\/staging.zycus.com\/fr\/wp-content\/uploads\/2024\/07\/PressRelease-300x186.webp 300w\" sizes=\"(max-width: 347px) 100vw, 347px\" \/><\/a>\n\t\t\t\t\t<\/div>\n\t\t\n\t\t\t\n\t\t\t<div class=\"uael-post__content-wrap\">\n\n\t\t\t\t\t<h3 class=\"uael-post__title\">\n\n\t\t\n\t\t\t\t\t\t<a href=\"https:\/\/staging.zycus.com\/fr\/press-releases\/zycus-nomme-leader-dans-forrester-wave-supplier-value-management-svm-platforms\" target=\"_self\">\n\t\t\t\tZycus reconnu \u00ab LEADER \u00bb des plateformes de (SVM) gestion de la valeur des prestataires par un cabinet d&#8217;\u00e9tudes ind\u00e9pendant\t\t\t<\/a>\n\n\t\t\t\t<\/h3>\n\t\t<div class=\"uael-post__separator\"><\/div>\n\t\t<div class=\"uael-post__excerpt\">\n\t\t\tLe rapport indique que \u00ab Zycus excelle gr\u00e2ce aux capacit\u00e9s de Merlin GenAI pour sa suite SVM (Gestion de la valeur des prestataires) \u00bb Zycus, ...\t\t<\/div>\n\n\t\t\t\t\t<div class=\"uael-post__meta-data\">\n\t\t\t\t\t<span class=\"uael-post__date\">\n\t\t\t\t\t\t\t\t\t\t\t\t\t<svg aria-hidden=\"true\" class=\"e-font-icon-svg e-fa-calendar\" viewBox=\"0 0 448 512\" xmlns=\"http:\/\/www.w3.org\/2000\/svg\"><path d=\"M12 192h424c6.6 0 12 5.4 12 12v260c0 26.5-21.5 48-48 48H48c-26.5 0-48-21.5-48-48V204c0-6.6 5.4-12 12-12zm436-44v-36c0-26.5-21.5-48-48-48h-48V12c0-6.6-5.4-12-12-12h-40c-6.6 0-12 5.4-12 12v52H160V12c0-6.6-5.4-12-12-12h-40c-6.6 0-12 5.4-12 12v52H48C21.5 64 0 85.5 0 112v36c0 6.6 5.4 12 12 12h424c6.6 0 12-5.4 12-12z\"><\/path><\/svg>\t\t\t\t\t\t\t\t\t\n\t\t\tSeptember 18, 2024\t\t<\/span>\n\t\t\t\t<\/div>\n\t\t\t\t\t<a class=\"uael-post__read-more elementor-button\" href=\"https:\/\/staging.zycus.com\/fr\/press-releases\/zycus-nomme-leader-dans-forrester-wave-supplier-value-management-svm-platforms\" target=\"_self\" aria-labelledby=\"uael-post-8418\">\n\t\t\t\t\t<span class=\"elementor-button-content-wrapper\">\n\t\t\t\t\t\t\t\t\t\t\t\t\t\t<span class=\"elementor-button-icon elementor-align-icon-left\">\n\n\t\t\t\t\t\t\t\t\t\n\t\t\t\t\t\t\t\t<\/span>\n\t\t\t\t\t\t\t\t\t\t\t\t\t\n\t\t\t\t\t\t<span class=\"elementor-button-text\" id=uael-post-8418>Lire la suite<\/span>\n\t\t\t\t\t<\/span>\n\t\t\t\t<\/a>\n\t\t\t\t\t\t<\/div>\n\t\t\t\n\t\t<\/div>\n\t\t\n\t<\/div>\n\n<\/div>\n\n\n<div class=\"uael-post-wrapper  \">\n\n\t<div class=\"uael-post__bg-wrap\">\n\t\t\n\t\t\n\t\t<div class=\"uael-post__inner-wrap \">\n\n\t\t\t\t<div class=\"uael-post__thumbnail\">\n\t\t\t\n\t\t\t<a href=\"https:\/\/staging.zycus.com\/fr\/press-releases\/zycus-mis-a-lhonneur-dans-profession-achats-du-cna\" target=\"_self\" title=\"Zycus Mis \u00e0 l&#8217;Honneur dans &#8220;Profession Achats&#8221; du CNA\"><img fetchpriority=\"high\" decoding=\"async\" width=\"347\" height=\"215\" src=\"https:\/\/staging.zycus.com\/fr\/wp-content\/uploads\/2024\/07\/PressRelease.webp\" class=\"attachment-full size-full wp-image-7656\" alt=\"PressRelease\" srcset=\"https:\/\/staging.zycus.com\/fr\/wp-content\/uploads\/2024\/07\/PressRelease.webp 347w, https:\/\/staging.zycus.com\/fr\/wp-content\/uploads\/2024\/07\/PressRelease-300x186.webp 300w\" sizes=\"(max-width: 347px) 100vw, 347px\" \/><\/a>\n\t\t\t\t\t<\/div>\n\t\t\n\t\t\t\n\t\t\t<div class=\"uael-post__content-wrap\">\n\n\t\t\t\t\t<h3 class=\"uael-post__title\">\n\n\t\t\n\t\t\t\t\t\t<a href=\"https:\/\/staging.zycus.com\/fr\/press-releases\/zycus-mis-a-lhonneur-dans-profession-achats-du-cna\" target=\"_self\">\n\t\t\t\tZycus Mis \u00e0 l&#8217;Honneur dans &#8220;Profession Achats&#8221; du CNA\t\t\t<\/a>\n\n\t\t\t\t<\/h3>\n\t\t<div class=\"uael-post__separator\"><\/div>\n\t\t<div class=\"uael-post__excerpt\">\n\t\t\tZycus Mis \u00e0 l&#8217;Honneur dans &#8220;Profession Achats&#8221; du CNA Zycus a \u00e9t\u00e9 pr\u00e9sent\u00e9 dans la derni\u00e8re \u00e9dition de \u00ab Profession Achats \u00bb, une publication de ...\t\t<\/div>\n\n\t\t\t\t\t<div class=\"uael-post__meta-data\">\n\t\t\t\t\t<span class=\"uael-post__date\">\n\t\t\t\t\t\t\t\t\t\t\t\t\t<svg aria-hidden=\"true\" class=\"e-font-icon-svg e-fa-calendar\" viewBox=\"0 0 448 512\" xmlns=\"http:\/\/www.w3.org\/2000\/svg\"><path d=\"M12 192h424c6.6 0 12 5.4 12 12v260c0 26.5-21.5 48-48 48H48c-26.5 0-48-21.5-48-48V204c0-6.6 5.4-12 12-12zm436-44v-36c0-26.5-21.5-48-48-48h-48V12c0-6.6-5.4-12-12-12h-40c-6.6 0-12 5.4-12 12v52H160V12c0-6.6-5.4-12-12-12h-40c-6.6 0-12 5.4-12 12v52H48C21.5 64 0 85.5 0 112v36c0 6.6 5.4 12 12 12h424c6.6 0 12-5.4 12-12z\"><\/path><\/svg>\t\t\t\t\t\t\t\t\t\n\t\t\tJuly 29, 2024\t\t<\/span>\n\t\t\t\t<\/div>\n\t\t\t\t\t<a class=\"uael-post__read-more elementor-button\" href=\"https:\/\/staging.zycus.com\/fr\/press-releases\/zycus-mis-a-lhonneur-dans-profession-achats-du-cna\" target=\"_self\" aria-labelledby=\"uael-post-7731\">\n\t\t\t\t\t<span class=\"elementor-button-content-wrapper\">\n\t\t\t\t\t\t\t\t\t\t\t\t\t\t<span class=\"elementor-button-icon elementor-align-icon-left\">\n\n\t\t\t\t\t\t\t\t\t\n\t\t\t\t\t\t\t\t<\/span>\n\t\t\t\t\t\t\t\t\t\t\t\t\t\n\t\t\t\t\t\t<span class=\"elementor-button-text\" id=uael-post-7731>Lire la suite<\/span>\n\t\t\t\t\t<\/span>\n\t\t\t\t<\/a>\n\t\t\t\t\t\t<\/div>\n\t\t\t\n\t\t<\/div>\n\t\t\n\t<\/div>\n\n<\/div>\n\t\t\t\t<\/div>\n\t\t\t\t\t\t\n\t\t<\/div>\n\n\t\t\t\t\t\t<\/div>\n\t\t<div class=\"uael-post__footer\">\n\t\t\t\t\t<\/div>\n\t\t\t\t\t\t<\/div>\n\t\t\t\t<\/div>\n\t\t\t\t\t<\/div>\n\t\t\t\t<\/div>\n\t\t<div class=\"elementor-element elementor-element-825a2dc elementor-hidden-desktop elementor-hidden-tablet elementor-hidden-mobile e-flex e-con-boxed e-con e-parent\" data-id=\"825a2dc\" data-element_type=\"container\" data-e-type=\"container\">\n\t\t\t\t\t<div class=\"e-con-inner\">\n\t\t\t\t<div class=\"elementor-element elementor-element-b5fa6c7 elementor-grid-1 elementor-grid-mobile-1 elementor-widget elementor-widget-loop-grid\" data-id=\"b5fa6c7\" data-element_type=\"widget\" data-e-type=\"widget\" data-settings=\"{&quot;template_id&quot;:&quot;7702&quot;,&quot;columns&quot;:1,&quot;_skin&quot;:&quot;post&quot;,&quot;columns_mobile&quot;:&quot;1&quot;,&quot;edit_handle_selector&quot;:&quot;[data-elementor-type=\\&quot;loop-item\\&quot;]&quot;,&quot;row_gap&quot;:{&quot;unit&quot;:&quot;px&quot;,&quot;size&quot;:&quot;&quot;,&quot;sizes&quot;:[]},&quot;row_gap_widescreen&quot;:{&quot;unit&quot;:&quot;px&quot;,&quot;size&quot;:&quot;&quot;,&quot;sizes&quot;:[]},&quot;row_gap_tablet_extra&quot;:{&quot;unit&quot;:&quot;px&quot;,&quot;size&quot;:&quot;&quot;,&quot;sizes&quot;:[]},&quot;row_gap_tablet&quot;:{&quot;unit&quot;:&quot;px&quot;,&quot;size&quot;:&quot;&quot;,&quot;sizes&quot;:[]},&quot;row_gap_mobile_extra&quot;:{&quot;unit&quot;:&quot;px&quot;,&quot;size&quot;:&quot;&quot;,&quot;sizes&quot;:[]},&quot;row_gap_mobile&quot;:{&quot;unit&quot;:&quot;px&quot;,&quot;size&quot;:&quot;&quot;,&quot;sizes&quot;:[]},&quot;ekit_we_effect_on&quot;:&quot;none&quot;}\" data-widget_type=\"loop-grid.post\">\n\t\t\t\t<div class=\"elementor-widget-container\">\n\t\t\t\t\t\t\t<div class=\"elementor-loop-container elementor-grid\" role=\"list\">\n\t\t<style id=\"loop-7702\">.elementor-7702 .elementor-element.elementor-element-494a074{--display:flex;--flex-direction:row;--container-widget-width:initial;--container-widget-height:100%;--container-widget-flex-grow:1;--container-widget-align-self:stretch;--flex-wrap-mobile:wrap;overflow:visible;}.elementor-7702 .elementor-element.elementor-element-c938586{--display:flex;overflow:visible;}.elementor-7702 .elementor-element.elementor-element-f5a7fdc img{width:100%;}.elementor-7702 .elementor-element.elementor-element-7e0814f{--display:flex;overflow:visible;}.elementor-7702 .elementor-element.elementor-element-112c8ff .elementor-heading-title{font-size:18px;line-height:24px;}.elementor-7702 .elementor-element.elementor-element-4935af2 .elementor-icon-list-icon{width:11px;}.elementor-7702 .elementor-element.elementor-element-4935af2 .elementor-icon-list-icon i{font-size:11px;}.elementor-7702 .elementor-element.elementor-element-4935af2 .elementor-icon-list-icon svg{--e-icon-list-icon-size:11px;}.elementor-7702 .elementor-element.elementor-element-4935af2 .elementor-icon-list-item{font-size:13px;}.elementor-7702 .elementor-element.elementor-element-4935af2 > .elementor-widget-container{margin:-8px 0px -8px 0px;}.elementor-7702 .elementor-element.elementor-element-a1ba657 > .elementor-widget-container{margin:0px 0px -13px 0px;}.elementor-7702 .elementor-element.elementor-element-489cef1 .elementor-button{fill:var( --e-global-color-astglobalcolor1 );color:var( --e-global-color-astglobalcolor1 );background-color:#02010100;padding:0px 0px 0px 0px;}.elementor-7702 .elementor-element.elementor-element-489cef1 > .elementor-widget-container{margin:-12px 0px 0px 0px;}@media(min-width:768px){.elementor-7702 .elementor-element.elementor-element-c938586{--width:30%;}.elementor-7702 .elementor-element.elementor-element-7e0814f{--width:70%;}}@media(max-width:767px){.elementor-7702 .elementor-element.elementor-element-494a074{--padding-top:0px;--padding-bottom:0px;--padding-left:0px;--padding-right:0px;}}<\/style>\t\t<div data-elementor-type=\"loop-item\" data-elementor-id=\"7702\" class=\"elementor elementor-7702 e-loop-item e-loop-item-7652 post-7652 press-releases type-press-releases status-publish has-post-thumbnail hentry\" data-elementor-post-type=\"elementor_library\" data-custom-edit-handle=\"1\">\n\t\t\t<div class=\"elementor-element elementor-element-494a074 prbox e-flex e-con-boxed e-con e-parent\" data-id=\"494a074\" data-element_type=\"container\" data-e-type=\"container\">\n\t\t\t\t\t<div class=\"e-con-inner\">\n\t\t<div class=\"elementor-element elementor-element-c938586 e-con-full e-flex e-con e-child\" data-id=\"c938586\" data-element_type=\"container\" data-e-type=\"container\">\n\t\t\t\t<div class=\"elementor-element elementor-element-f5a7fdc elementor-widget elementor-widget-image\" data-id=\"f5a7fdc\" data-element_type=\"widget\" data-e-type=\"widget\" data-settings=\"{&quot;ekit_we_effect_on&quot;:&quot;none&quot;}\" data-widget_type=\"image.default\">\n\t\t\t\t<div class=\"elementor-widget-container\">\n\t\t\t\t\t\t\t\t\t\t\t\t\t\t\t\t<a href=\"https:\/\/staging.zycus.com\/fr\/press-releases\/zycus-mis-a-lhonneur-dans-profession-achats-du-cna\">\n\t\t\t\t\t\t\t<img fetchpriority=\"high\" decoding=\"async\" width=\"347\" height=\"215\" src=\"https:\/\/staging.zycus.com\/fr\/wp-content\/uploads\/2024\/07\/PressRelease.webp\" class=\"attachment-full size-full wp-image-7656\" alt=\"PressRelease\" srcset=\"https:\/\/staging.zycus.com\/fr\/wp-content\/uploads\/2024\/07\/PressRelease.webp 347w, https:\/\/staging.zycus.com\/fr\/wp-content\/uploads\/2024\/07\/PressRelease-300x186.webp 300w\" sizes=\"(max-width: 347px) 100vw, 347px\" \/>\t\t\t\t\t\t\t\t<\/a>\n\t\t\t\t\t\t\t\t\t\t\t\t\t\t\t<\/div>\n\t\t\t\t<\/div>\n\t\t\t\t<\/div>\n\t\t<div class=\"elementor-element elementor-element-7e0814f e-con-full e-flex e-con e-child\" data-id=\"7e0814f\" data-element_type=\"container\" data-e-type=\"container\">\n\t\t\t\t<div class=\"elementor-element elementor-element-112c8ff elementor-widget elementor-widget-heading\" data-id=\"112c8ff\" data-element_type=\"widget\" data-e-type=\"widget\" data-settings=\"{&quot;ekit_we_effect_on&quot;:&quot;none&quot;}\" data-widget_type=\"heading.default\">\n\t\t\t\t<div class=\"elementor-widget-container\">\n\t\t\t\t\t<h3 class=\"elementor-heading-title elementor-size-default\"><a href=\"https:\/\/staging.zycus.com\/fr\/press-releases\/zycus-mis-a-lhonneur-dans-profession-achats-du-cna\">Zycus Mis \u00e0 l&#8217;Honneur dans &#8220;Profession Achats&#8221; du CNA<\/a><\/h3>\t\t\t\t<\/div>\n\t\t\t\t<\/div>\n\t\t\t\t<div class=\"elementor-element elementor-element-4935af2 elementor-widget elementor-widget-post-info\" data-id=\"4935af2\" data-element_type=\"widget\" data-e-type=\"widget\" data-settings=\"{&quot;ekit_we_effect_on&quot;:&quot;none&quot;}\" data-widget_type=\"post-info.default\">\n\t\t\t\t<div class=\"elementor-widget-container\">\n\t\t\t\t\t\t\t<ul class=\"elementor-inline-items elementor-icon-list-items elementor-post-info\">\n\t\t\t\t\t\t\t\t<li class=\"elementor-icon-list-item elementor-repeater-item-d56e02e elementor-inline-item\" itemprop=\"datePublished\">\n\t\t\t\t\t\t\t\t\t\t<span class=\"elementor-icon-list-icon\">\n\t\t\t\t\t\t\t\t<svg aria-hidden=\"true\" class=\"e-font-icon-svg e-fas-calendar\" viewBox=\"0 0 448 512\" xmlns=\"http:\/\/www.w3.org\/2000\/svg\"><path d=\"M12 192h424c6.6 0 12 5.4 12 12v260c0 26.5-21.5 48-48 48H48c-26.5 0-48-21.5-48-48V204c0-6.6 5.4-12 12-12zm436-44v-36c0-26.5-21.5-48-48-48h-48V12c0-6.6-5.4-12-12-12h-40c-6.6 0-12 5.4-12 12v52H160V12c0-6.6-5.4-12-12-12h-40c-6.6 0-12 5.4-12 12v52H48C21.5 64 0 85.5 0 112v36c0 6.6 5.4 12 12 12h424c6.6 0 12-5.4 12-12z\"><\/path><\/svg>\t\t\t\t\t\t\t<\/span>\n\t\t\t\t\t\t\t\t\t<span class=\"elementor-icon-list-text elementor-post-info__item elementor-post-info__item--type-date\">\n\t\t\t\t\t\t\t\t\t\t<time>July 29, 2024<\/time>\t\t\t\t\t<\/span>\n\t\t\t\t\t\t\t\t<\/li>\n\t\t\t\t<\/ul>\n\t\t\t\t\t\t<\/div>\n\t\t\t\t<\/div>\n\t\t\t\t<div class=\"elementor-element elementor-element-a1ba657 elementor-widget elementor-widget-text-editor\" data-id=\"a1ba657\" data-element_type=\"widget\" data-e-type=\"widget\" data-settings=\"{&quot;ekit_we_effect_on&quot;:&quot;none&quot;}\" data-widget_type=\"text-editor.default\">\n\t\t\t\t<div class=\"elementor-widget-container\">\n\t\t\t\t\t\t\t\t\t<p>Zycus a \u00e9t\u00e9 pr\u00e9sent\u00e9 dans la derni\u00e8re \u00e9dition de \u00ab Profession Achats \u00bb, une publication de premier plan du Conseil National des Achats (CNA). Cet article met en lumi\u00e8re les solutions innovantes et l&#8217;influence significative de Zycus dans le secteur des achats.<\/p>\n\t\t\t\t\t\t\t\t<\/div>\n\t\t\t\t<\/div>\n\t\t\t\t<div class=\"elementor-element elementor-element-489cef1 elementor-widget elementor-widget-button\" data-id=\"489cef1\" data-element_type=\"widget\" data-e-type=\"widget\" data-settings=\"{&quot;ekit_we_effect_on&quot;:&quot;none&quot;}\" data-widget_type=\"button.default\">\n\t\t\t\t<div class=\"elementor-widget-container\">\n\t\t\t\t\t\t\t\t\t<div class=\"elementor-button-wrapper\">\n\t\t\t\t\t<a class=\"elementor-button elementor-size-sm\" role=\"button\">\n\t\t\t\t\t\t<span class=\"elementor-button-content-wrapper\">\n\t\t\t\t\t\t\t\t\t<span class=\"elementor-button-text\">Lire la suite<\/span>\n\t\t\t\t\t<\/span>\n\t\t\t\t\t<\/a>\n\t\t\t\t<\/div>\n\t\t\t\t\t\t\t\t<\/div>\n\t\t\t\t<\/div>\n\t\t\t\t<\/div>\n\t\t\t\t\t<\/div>\n\t\t\t\t<\/div>\n\t\t\t\t<\/div>\n\t\t\t\t<\/div>\n\t\t\n\t\t\t\t\t\t<\/div>\n\t\t\t\t<\/div>\n\t\t\t\t\t<\/div>\n\t\t\t\t<\/div>\n\t\t\t\t<\/div>\n\t\t","protected":false},"excerpt":{"rendered":"<p>Communiqu\u00e9 de presse Zycus reconnu \u00ab LEADER \u00bb des plateformes de (SVM) gestion de la valeur des prestataires par un cabinet d&#8217;\u00e9tudes ind\u00e9pendant Le rapport indique que \u00ab Zycus excelle gr\u00e2ce aux capacit\u00e9s de Merlin GenAI pour sa suite SVM (Gestion de la valeur des prestataires) \u00bb Zycus, &#8230; September 18, 2024 Lire la suite [&hellip;]<\/p>\n","protected":false},"author":16,"featured_media":0,"parent":0,"menu_order":0,"comment_status":"closed","ping_status":"closed","template":"elementor_header_footer","meta":{"_acf_changed":false,"site-sidebar-layout":"no-sidebar","site-content-layout":"page-builder","ast-site-content-layout":"full-width-container","site-content-style":"default","site-sidebar-style":"default","ast-global-header-display":"","ast-banner-title-visibility":"","ast-main-header-display":"","ast-hfb-above-header-display":"","ast-hfb-below-header-display":"","ast-hfb-mobile-header-display":"","site-post-title":"disabled","ast-breadcrumbs-content":"","ast-featured-img":"disabled","footer-sml-layout":"","theme-transparent-header-meta":"default","adv-header-id-meta":"","stick-header-meta":"default","header-above-stick-meta":"","header-main-stick-meta":"","header-below-stick-meta":"","astra-migrate-meta-layouts":"set","ast-page-background-enabled":"default","ast-page-background-meta":{"desktop":{"background-color":"","background-image":"","background-repeat":"repeat","background-position":"center center","background-size":"auto","background-attachment":"scroll","background-type":"","background-media":"","overlay-type":"","overlay-color":"","overlay-gradient":""},"tablet":{"background-color":"","background-image":"","background-repeat":"repeat","background-position":"center center","background-size":"auto","background-attachment":"scroll","background-type":"","background-media":"","overlay-type":"","overlay-color":"","overlay-gradient":""},"mobile":{"background-color":"","background-image":"","background-repeat":"repeat","background-position":"center center","background-size":"auto","background-attachment":"scroll","background-type":"","background-media":"","overlay-type":"","overlay-color":"","overlay-gradient":""}},"ast-content-background-meta":{"desktop":{"background-color":"var(--ast-global-color-5)","background-image":"","background-repeat":"repeat","background-position":"center center","background-size":"auto","background-attachment":"scroll","background-type":"","background-media":"","overlay-type":"","overlay-color":"","overlay-gradient":""},"tablet":{"background-color":"var(--ast-global-color-5)","background-image":"","background-repeat":"repeat","background-position":"center center","background-size":"auto","background-attachment":"scroll","background-type":"","background-media":"","overlay-type":"","overlay-color":"","overlay-gradient":""},"mobile":{"background-color":"var(--ast-global-color-5)","background-image":"","background-repeat":"repeat","background-position":"center center","background-size":"auto","background-attachment":"scroll","background-type":"","background-media":"","overlay-type":"","overlay-color":"","overlay-gradient":""}},"footnotes":""},"class_list":["post-7700","page","type-page","status-publish","hentry"],"acf":[],"_links":{"self":[{"href":"https:\/\/staging.zycus.com\/fr\/wp-json\/wp\/v2\/pages\/7700","targetHints":{"allow":["GET"]}}],"collection":[{"href":"https:\/\/staging.zycus.com\/fr\/wp-json\/wp\/v2\/pages"}],"about":[{"href":"https:\/\/staging.zycus.com\/fr\/wp-json\/wp\/v2\/types\/page"}],"author":[{"embeddable":true,"href":"https:\/\/staging.zycus.com\/fr\/wp-json\/wp\/v2\/users\/16"}],"replies":[{"embeddable":true,"href":"https:\/\/staging.zycus.com\/fr\/wp-json\/wp\/v2\/comments?post=7700"}],"version-history":[{"count":63,"href":"https:\/\/staging.zycus.com\/fr\/wp-json\/wp\/v2\/pages\/7700\/revisions"}],"predecessor-version":[{"id":10105,"href":"https:\/\/staging.zycus.com\/fr\/wp-json\/wp\/v2\/pages\/7700\/revisions\/10105"}],"wp:attachment":[{"href":"https:\/\/staging.zycus.com\/fr\/wp-json\/wp\/v2\/media?parent=7700"}],"curies":[{"name":"wp","href":"https:\/\/api.w.org\/{rel}","templated":true}]}}